{"id":61,"date":"2026-04-27T03:12:42","date_gmt":"2026-04-27T03:12:42","guid":{"rendered":"https:\/\/amberoak.com.ar\/?page_id=61"},"modified":"2026-04-27T05:17:11","modified_gmt":"2026-04-27T05:17:11","slug":"bienvenidos","status":"publish","type":"page","link":"https:\/\/www.amberoak.com.ar\/en\/","title":{"rendered":"Bienvenidos!"},"content":{"rendered":"<div class=\"wp-block-group alignfull has-white-color has-black-background-color has-text-color has-background is-layout-constrained wp-block-group-is-layout-constrained\">\n<div style=\"height:80px\" aria-hidden=\"true\" class=\"wp-block-spacer\"><\/div>\n\n\n\n<h2 class=\"wp-block-heading has-text-align-center has-amber-color has-text-color\" id=\"calidad-que-perdura-1\" style=\"font-size:clamp(35.2px, 2.2rem + ((1vw - 3.2px) * 2.25), 64px);\">Calidad que Perdura.<\/h2>\n\n\n\n<p class=\"has-text-align-center\" style=\"font-size:clamp(14px, 0.875rem + ((1vw - 3.2px) * 0.469), 20px);\">Soberan\u00eda que se siente. Descubr\u00ed nuestra selecci\u00f3n curada de productos.<\/p>\n\n\n\n<div class=\"wp-block-buttons is-content-justification-center is-layout-flex wp-container-core-buttons-is-layout-a89b3969 wp-block-buttons-is-layout-flex\">\n<div class=\"wp-block-button\"><a class=\"wp-block-button__link wp-element-button\" href=\"https:\/\/www.amberoak.com.ar\/en\/tienda\/\">Explorar Tienda<\/a><\/div>\n<\/div>\n\n\n\n<div style=\"height:80px\" aria-hidden=\"true\" class=\"wp-block-spacer\"><\/div>\n<\/div>\n\n\n\n<div class=\"wp-block-group alignfull is-layout-constrained wp-block-group-is-layout-constrained\" style=\"padding-top:80px;padding-bottom:80px\">\n<div class=\"wp-block-columns is-layout-flex wp-container-core-columns-is-layout-28f84493 wp-block-columns-is-layout-flex\">\n<div class=\"wp-block-column is-layout-flow wp-block-column-is-layout-flow\">\n<h4 class=\"wp-block-heading has-text-align-center has-amber-color has-text-color\" id=\"soberania-total-1\">Soberan\u00eda Total<\/h4>\n\n\n\n<p class=\"has-text-align-center\">Tus datos, tu servidor, tu libertad. Sin intermediarios que controlen tu negocio.<\/p>\n<\/div>\n\n\n\n<div class=\"wp-block-column is-layout-flow wp-block-column-is-layout-flow\">\n<h4 class=\"wp-block-heading has-text-align-center has-amber-color has-text-color\" id=\"calidad-robusta-1\">Calidad Robusta<\/h4>\n\n\n\n<p class=\"has-text-align-center\">Seleccionamos cada componente con la solidez del roble para garantizar durabilidad.<\/p>\n<\/div>\n\n\n\n<div class=\"wp-block-column is-layout-flow wp-block-column-is-layout-flow\">\n<h4 class=\"wp-block-heading has-text-align-center has-amber-color has-text-color\" id=\"despliegue-agil-1\">Despliegue \u00c1gil<\/h4>\n\n\n\n<p class=\"has-text-align-center\">Tecnolog\u00eda de punta que carga en milisegundos. Tus clientes no esperan.<\/p>\n<\/div>\n<\/div>\n<\/div>\n\n\n\n<div class=\"wp-block-group alignfull has-white-color has-black-background-color has-text-color has-background is-layout-constrained wp-block-group-is-layout-constrained\" style=\"padding-top:80px;padding-bottom:80px\">\n<div class=\"wp-block-columns are-vertically-aligned-center is-layout-flex wp-container-core-columns-is-layout-28f84493 wp-block-columns-is-layout-flex\">\n<div class=\"wp-block-column is-vertically-aligned-center is-layout-flow wp-block-column-is-layout-flow\">\n<h2 class=\"wp-block-heading has-amber-color has-text-color\" id=\"nuestra-filosofia-1\">Nuestra Filosof\u00eda<\/h2>\n\n\n\n<p>En Amber, creemos que la tecnolog\u00eda debe ser una herramienta de empoderamiento. Cada tienda es una pieza de artesan\u00eda digital dise\u00f1ada para crecer.<\/p>\n<\/div>\n\n\n\n<div class=\"wp-block-column is-vertically-aligned-center is-layout-flow wp-block-column-is-layout-flow\">\n<figure class=\"wp-block-image size-large\"><img decoding=\"async\" src=\"https:\/\/images.unsplash.com\/photo-1519710164239-da123dc03ef4?auto=format&amp;fit=crop&amp;q=80&amp;w=1000\" alt=\"\"\/><\/figure>\n<\/div>\n<\/div>\n<\/div>\n\n\n\n<div class=\"wp-block-group alignfull has-black-color has-amber-background-color has-text-color has-background is-layout-constrained wp-block-group-is-layout-constrained\" style=\"padding-top:100px;padding-bottom:100px\">\n<h2 class=\"wp-block-heading has-text-align-center\" id=\"listo-para-subir-de-nivel-1\" style=\"color:#ffffff;font-size:clamp(27.894px, 1.743rem + ((1vw - 3.2px) * 1.571), 48px);\">\u00bfListo para subir de nivel?<\/h2>\n\n\n\n<div class=\"wp-block-buttons is-content-justification-center is-layout-flex wp-container-core-buttons-is-layout-a89b3969 wp-block-buttons-is-layout-flex\">\n<div class=\"wp-block-button\"><a class=\"wp-block-button__link wp-element-button\" href=\"https:\/\/www.amberoak.com.ar\/en\/contacto\/\">Contactar Ahora<\/a><\/div>\n<\/div>\n<\/div>","protected":false},"excerpt":{"rendered":"<p>Calidad que Perdura. Soberan\u00eda que se siente. Descubr\u00ed nuestra selecci\u00f3n curada de productos. Soberan\u00eda Total Tus datos, tu servidor, tu libertad. Sin intermediarios que controlen tu negocio. Calidad Robusta Seleccionamos cada componente con la solidez del roble para garantizar durabilidad. Despliegue \u00c1gil Tecnolog\u00eda de punta que carga en milisegundos. Tus clientes no esperan. Nuestra Filosof\u00eda [&hellip;]<\/p>\n","protected":false},"author":1,"featured_media":0,"parent":0,"menu_order":0,"comment_status":"closed","ping_status":"closed","template":"","meta":{"_gspb_post_css":"","_joinchat":[],"footnotes":""},"class_list":["post-61","page","type-page","status-publish","hentry"],"blocksy_meta":[],"_links":{"self":[{"href":"https:\/\/www.amberoak.com.ar\/en\/wp-json\/wp\/v2\/pages\/61","targetHints":{"allow":["GET"]}}],"collection":[{"href":"https:\/\/www.amberoak.com.ar\/en\/wp-json\/wp\/v2\/pages"}],"about":[{"href":"https:\/\/www.amberoak.com.ar\/en\/wp-json\/wp\/v2\/types\/page"}],"author":[{"embeddable":true,"href":"https:\/\/www.amberoak.com.ar\/en\/wp-json\/wp\/v2\/users\/1"}],"replies":[{"embeddable":true,"href":"https:\/\/www.amberoak.com.ar\/en\/wp-json\/wp\/v2\/comments?post=61"}],"version-history":[{"count":5,"href":"https:\/\/www.amberoak.com.ar\/en\/wp-json\/wp\/v2\/pages\/61\/revisions"}],"predecessor-version":[{"id":78,"href":"https:\/\/www.amberoak.com.ar\/en\/wp-json\/wp\/v2\/pages\/61\/revisions\/78"}],"wp:attachment":[{"href":"https:\/\/www.amberoak.com.ar\/en\/wp-json\/wp\/v2\/media?parent=61"}],"curies":[{"name":"wp","href":"https:\/\/api.w.org\/{rel}","templated":true}]}}